{"id":42,"date":"2009-12-27T18:32:53","date_gmt":"2009-12-27T17:32:53","guid":{"rendered":"http:\/\/turbine.bplaced.net\/wp\/?page_id=42"},"modified":"2018-06-13T18:06:34","modified_gmt":"2018-06-13T18:06:34","slug":"impressum","status":"publish","type":"page","link":"https:\/\/turbine-badminton.de\/?page_id=42","title":{"rendered":"Impressum"},"content":{"rendered":"<h3>SV Turbine Gro\u00dfenhain e.V.<\/h3>\n<h4>Vorsitzender:<\/h4>\n<p>Michael Prei\u00df<br \/>\nPreuskerstr. 28<br \/>\n01558 Gro\u00dfenhain<br \/>\nTel.: 03522\/62660<\/p>\n<h4>2. Vorsitzender:<\/h4>\n<p>Lothar Jenke<br \/>\nWe\u00dfnitzer Str. 25<br \/>\n01558 Gro\u00dfenhain<br \/>\nTel.: 03522\/63621<\/p>\n<h4>E-Mail-Adresse:<\/h4>\n<p><a href=\"m&#97;&#x69;&#x6c;t&#111;&#x3a;&#x6b;o&#110;&#x74;&#x61;k&#116;&#x40;&#x74;u&#114;&#x62;&#x69;n&#101;&#45;&#x62;&#x61;d&#109;&#x69;&#x6e;t&#111;&#x6e;&#x2e;d&#101;\">&#x6b;&#x6f;&#110;ta&#x6b;&#x74;&#64;&#116;u&#x72;&#x62;&#105;&#110;e&#x2d;&#x62;&#x61;&#100;mi&#x6e;&#x74;&#111;&#110;&#46;&#x64;&#x65;<\/a><\/p>\n<h3>Vereinsdaten:<\/h3>\n<p>Nummer im Vereinsregister des Amtsgerichts Dresden: 12357<br \/>\nNummer im Register des Landessportbundes Sachsen: 470239<br \/>\nNummer des Vereins im Badmintonverband Sachsen: 309<br \/>\nSteuernummer: 209\/143\/03339 K05<\/p>\n<h3>Gestaltung und Aktualisierung des Internetauftritts:<\/h3>\n<p>Jens Hartig<br \/>\nE-Mail: <a href=\"&#x6d;&#x61;&#x69;&#x6c;&#x74;&#x6f;&#x3a;&#x77;&#x65;&#x62;&#x6d;&#97;&#115;&#116;&#101;&#114;&#64;&#116;urbine&#x2d;&#x62;&#x61;&#x64;&#x6d;&#x69;&#x6e;&#x74;&#x6f;&#x6e;&#x2e;&#x64;&#101;\">&#119;e&#x62;m&#x61;&#115;&#x74;&#101;&#x72;&#64;t&#x75;r&#x62;&#105;&#x6e;&#101;&#x2d;&#98;&#x61;&#100;m&#x69;n&#x74;&#111;&#x6e;&#46;&#x64;&#101;<\/a><\/p>\n<h3>Inhaltlich Verantwortlicher gem\u00e4\u00df Telemediengesetz<\/h3>\n<p>SV Turbine Gro\u00dfenhain e.V.<br \/>\nMichael Prei\u00df (Vorsitzender)<\/p>\n<h3 id=\"liability\">Haftungshinweis<\/h3>\n<p>Die Informationen auf dieser Internetseit sind sorgf\u00e4ltig gepr\u00fcft und werden regelm\u00e4\u00dfig aktualisiert. Es wird jedoch keine Garantie f\u00fcr Vollst\u00e4ndigkeit, Richtigkeit und Aktualit\u00e4t gegeben. Alle Angaben k\u00f6nnen jederzeit und ohne gesonderte Ank\u00fcndigung entfernt oder ge\u00e4ndert werden.<\/p>\n<h3 id=\"copyright\">Urheberrechtshinweis<\/h3>\n<p>Alle Inhalte dieser Internetseiten, insbesondere Texte, Fotos und Abbildung, sind durch das Urheberrecht gesch\u00fctzt. Das Urheberrecht liegt, soweit es nicht ausdr\u00fccklich anders gekennzeichnet wurde, beim Eigent\u00fcmer dieser Seite. Eine Weiterverwendung der Inhalte dieser Internetseiten ist ohne unsere schriftliche Zustimmung untersagt. Alle Rechte vorbehalten.<\/p>\n","protected":false},"excerpt":{"rendered":"<p>SV Turbine Gro\u00dfenhain e.V. Vorsitzender: Michael Prei\u00df Preuskerstr. 28 01558 Gro\u00dfenhain Tel.: 03522\/62660 2. Vorsitzender: Lothar Jenke We\u00dfnitzer Str. 25 01558 Gro\u00dfenhain Tel.: 03522\/63621 E-Mail-Adresse: &#x6b;&#x6f;&#x6e;&#x74;&#97;&#107;t&#64;t&#x75;&#x72;&#x62;&#x69;&#110;&#101;-ba&#x64;&#x6d;&#x69;&#x6e;&#116;&#111;&#110;&#46;d&#x65; Vereinsdaten: Nummer im Vereinsregister des Amtsgerichts Dresden: 12357 Nummer im Register des Landessportbundes Sachsen: 470239 Nummer des Vereins im Badmintonverband Sachsen: 309 Steuernummer: 209\/143\/03339 K05 Gestaltung und Aktualisierung des &#8230; <a title=\"Impressum\" class=\"read-more\" href=\"https:\/\/turbine-badminton.de\/?page_id=42\" aria-label=\"Mehr Informationen \u00fcber Impressum\">Weiterlesen<\/a><\/p>\n","protected":false},"author":2,"featured_media":0,"parent":0,"menu_order":10,"comment_status":"closed","ping_status":"closed","template":"","meta":{"footnotes":""},"class_list":["post-42","page","type-page","status-publish"],"_links":{"self":[{"href":"https:\/\/turbine-badminton.de\/index.php?rest_route=\/wp\/v2\/pages\/42","targetHints":{"allow":["GET"]}}],"collection":[{"href":"https:\/\/turbine-badminton.de\/index.php?rest_route=\/wp\/v2\/pages"}],"about":[{"href":"https:\/\/turbine-badminton.de\/index.php?rest_route=\/wp\/v2\/types\/page"}],"author":[{"embeddable":true,"href":"https:\/\/turbine-badminton.de\/index.php?rest_route=\/wp\/v2\/users\/2"}],"replies":[{"embeddable":true,"href":"https:\/\/turbine-badminton.de\/index.php?rest_route=%2Fwp%2Fv2%2Fcomments&post=42"}],"version-history":[{"count":9,"href":"https:\/\/turbine-badminton.de\/index.php?rest_route=\/wp\/v2\/pages\/42\/revisions"}],"predecessor-version":[{"id":5630,"href":"https:\/\/turbine-badminton.de\/index.php?rest_route=\/wp\/v2\/pages\/42\/revisions\/5630"}],"wp:attachment":[{"href":"https:\/\/turbine-badminton.de\/index.php?rest_route=%2Fwp%2Fv2%2Fmedia&parent=42"}],"curies":[{"name":"wp","href":"https:\/\/api.w.org\/{rel}","templated":true}]}}