{"id":15,"date":"2009-12-27T17:14:41","date_gmt":"2009-12-27T16:14:41","guid":{"rendered":"http:\/\/turbine.bplaced.net\/wp\/?page_id=15"},"modified":"2026-03-01T15:18:06","modified_gmt":"2026-03-01T15:18:06","slug":"allgemeines","status":"publish","type":"page","link":"https:\/\/turbine-badminton.de\/?page_id=15","title":{"rendered":"Allgemeines"},"content":{"rendered":"<h3>Trainingszeiten<\/h3>\n<table border=\"0\" width=\"100%\" cellspacing=\"5\">\n<tbody>\n<tr>\n<td><strong>Dienstag:<\/strong><\/td>\n<td><strong>Freitag: <\/strong><\/td>\n<\/tr>\n<tr valign=\"top\">\n<td>\n<p style=\"padding-left: 30px;\">18.00 Kinder\/ Jugend<br \/>\n20.00 Erwachsene<\/p>\n<\/td>\n<td>\n<p style=\"padding-left: 30px;\">16.30 Anf\u00e4nger<br \/>\n18.00 Kinder\/ Jugend<br \/>\n20.00 Erwachsene<\/p>\n<\/td>\n<\/tr>\n<\/tbody>\n<\/table>\n<h3>Spielst\u00e4tten<\/h3>\n<ul>\n<li>Training und Punktspiele finden in der Sporthalle &#8222;Am Schacht&#8220; in Gro\u00dfenhain statt <a href=\"http:\/\/maps.google.de\/maps?f=q&amp;source=embed&amp;hl=de&amp;geocode=&amp;q=gro%C3%9Fenhain+mittelschule+am+schacht+&amp;sll=51.295915,13.516079&amp;sspn=0.015618,0.040083&amp;g=gro%C3%9Fenhain+am+schacht+4&amp;ie=UTF8&amp;hq=mittelschule+am+schacht&amp;hnear=Gro%C3%9Fenhain&amp;cid=7944431251080078851&amp;ll=51.304701,13.520308&amp;spn=0.03123,0.080166&amp;z=14&amp;iwloc=A\" target=\"blank\" rel=\"noopener\">\u00bbKarte bei Google Maps<\/a><\/li>\n<\/ul>\n<ul>\n<li>F\u00fcr gr\u00f6\u00dfere Veranstaltungen nutzen wir manchmal auch die R\u00f6dertalsporthalle in Gro\u00dfenhain <a href=\"http:\/\/maps.google.de\/maps?f=q&amp;source=embed&amp;hl=de&amp;geocode=&amp;q=gro%C3%9Fenhain+r%C3%B6dertalsporthalle&amp;sll=51.2959,13.516102&amp;sspn=0.031236,0.080166&amp;ie=UTF8&amp;hq=r%C3%B6dertalsporthalle&amp;hnear=Gro%C3%9Fenhain&amp;cid=16609889316141714450&amp;ll=51.306901,13.542023&amp;spn=0.031228,0.080166&amp;z=14&amp;iwloc=A\" target=\"blank\" rel=\"noopener\">\u00bbKarte bei Google Maps<\/a><\/li>\n<\/ul>\n<h3>Geschichte<\/h3>\n<p>Die <em>BSG Turbine Gro\u00dfenhain<\/em> wurde am 04.06.1951 im Kulturraum des Gaswerkes Gro\u00dfenhain gegr\u00fcndet. Um sich den Tag besser in Erinnerung halten zu k\u00f6nnen, wurde als Gr\u00fcndungstag der 01.06.1951 festgelegt. Die &#8218;Energieversorgung Radebeul&#8216; war Tr\u00e4gerbetrieb des neuen Vereins. Die ersten &#8218;Sektionen&#8216; waren Fu\u00dfball, Kegeln und Boxen. Mit der Zeit ver\u00e4nderte sich vieles. So besteht der Verein heute aus den Abteilungen Badminton und Kegeln. Die Abteilung Badminton wurde 1958 gegr\u00fcndet und nach der Aufl\u00f6sung der Fu\u00dfballmannschaft zum Leistungstr\u00e4ger des Vereins.<\/p>\n<p><strong>In folgende Sportst\u00e4tten wurde gespielt:<\/strong><\/p>\n<p style=\"padding-left: 30px;\">1958 &#8211; 1977 Turnhalle Pestalozzi-Oberschule (jetzt Gymnasium)<br \/>\n1977 &#8211; 2004 Turnhalle H.-Matern-Oberschule (jetzt MS am Schacht)<br \/>\nseit 2004 Sporthalle &#8218;Am Schacht&#8216; (6 Felder)<\/p>\n<p><strong>Sektions- bzw. Abteilungsleiter:<\/strong><\/p>\n<p style=\"padding-left: 30px;\">1958 &#8211; 1960 Scholze<br \/>\n1960 &#8211; 1961 Kloppek<br \/>\n1961 &#8211; 1963 Ruhland<br \/>\n1963 &#8211; 2015 Christine Naumann<br \/>\nseit 2015 Heiko M\u00fcckel<\/p>\n<p><strong>\u00a0<\/strong><\/p>\n","protected":false},"excerpt":{"rendered":"<p>Trainingszeiten Dienstag: Freitag: 18.00 Kinder\/ Jugend 20.00 Erwachsene 16.30 Anf\u00e4nger 18.00 Kinder\/ Jugend 20.00 Erwachsene Spielst\u00e4tten Training und Punktspiele finden in der Sporthalle &#8222;Am Schacht&#8220; in Gro\u00dfenhain statt \u00bbKarte bei Google Maps F\u00fcr gr\u00f6\u00dfere Veranstaltungen nutzen wir manchmal auch die R\u00f6dertalsporthalle in Gro\u00dfenhain \u00bbKarte bei Google Maps Geschichte Die BSG Turbine Gro\u00dfenhain wurde am 04.06.1951 &#8230; <a title=\"Allgemeines\" class=\"read-more\" href=\"https:\/\/turbine-badminton.de\/?page_id=15\" aria-label=\"Mehr Informationen \u00fcber Allgemeines\">Weiterlesen<\/a><\/p>\n","protected":false},"author":2,"featured_media":0,"parent":0,"menu_order":9,"comment_status":"closed","ping_status":"closed","template":"","meta":{"footnotes":""},"class_list":["post-15","page","type-page","status-publish"],"_links":{"self":[{"href":"https:\/\/turbine-badminton.de\/index.php?rest_route=\/wp\/v2\/pages\/15","targetHints":{"allow":["GET"]}}],"collection":[{"href":"https:\/\/turbine-badminton.de\/index.php?rest_route=\/wp\/v2\/pages"}],"about":[{"href":"https:\/\/turbine-badminton.de\/index.php?rest_route=\/wp\/v2\/types\/page"}],"author":[{"embeddable":true,"href":"https:\/\/turbine-badminton.de\/index.php?rest_route=\/wp\/v2\/users\/2"}],"replies":[{"embeddable":true,"href":"https:\/\/turbine-badminton.de\/index.php?rest_route=%2Fwp%2Fv2%2Fcomments&post=15"}],"version-history":[{"count":4,"href":"https:\/\/turbine-badminton.de\/index.php?rest_route=\/wp\/v2\/pages\/15\/revisions"}],"predecessor-version":[{"id":7444,"href":"https:\/\/turbine-badminton.de\/index.php?rest_route=\/wp\/v2\/pages\/15\/revisions\/7444"}],"wp:attachment":[{"href":"https:\/\/turbine-badminton.de\/index.php?rest_route=%2Fwp%2Fv2%2Fmedia&parent=15"}],"curies":[{"name":"wp","href":"https:\/\/api.w.org\/{rel}","templated":true}]}}